{"id":220,"date":"2025-09-14T22:39:27","date_gmt":"2025-09-15T01:39:27","guid":{"rendered":"http:\/\/www.notiarjona.com.ar\/seco\/?page_id=220"},"modified":"2025-09-14T22:41:32","modified_gmt":"2025-09-15T01:41:32","slug":"asociarse-al-fans-club","status":"publish","type":"page","link":"http:\/\/www.notiarjona.com.ar\/seco\/asociarse-al-fans-club\/","title":{"rendered":"Asociarse al Fans Club"},"content":{"rendered":"\n<p class=\"has-vivid-red-color has-text-color has-link-color has-medium-font-size wp-elements-a5946795563bd01c48d388bf0e543220\"><strong>Por Favor&nbsp;<u>Leer Atentamente<\/u>&nbsp;la siguiente Informaci\u00f3n:<\/strong><\/p>\n\n\n\n<p><strong>-Para ser parte del Fans Club no se pide ning\u00fan requisito en especial, ni debe pagarse ninguna cuota como socio, s\u00f3lo pedimos tu colaboraci\u00f3n que es muy importante para promover la carrera de Ricardo. Tu tarea como socio es votar y pedir los temas en los medios de comunicaci\u00f3n, asistir a las reuniones si la distancia te lo permite, enviarnos noticias, participar del foro, y todo aquello que nos ayude en esta bella tarea de apoyar a nuestro \u00eddolo.<\/strong><\/p>\n\n\n\n<p><strong>-Sos Socio del Fans Club cuando recib\u00eds en tu casilla de mail&nbsp; tu credencial con su respectivo n\u00famero de socio, es por ello que es fundamental que dejes como contacto un&nbsp;<u>correo v\u00e1lido<\/u>&nbsp;y que uses a menudo. Es importante que revises la carpeta de Correo No deseado, depende del servicio de correo que uses,&nbsp; puede que la credencial llegue all\u00ed.<br><br>-La credencial sirve \u00fanicamente&nbsp; para identificarnos como socios pero no para acceder gratis a shows, eventos, encuentros, ni para descuentos, ni otro tipo de beneficios, salvo para poder participar de los sorteos que realizamos en las reuniones.<br><br>-Si extrav\u00edas tu credencial, quer\u00e9s renovarla o tus datos personales se modificaron escrib\u00ednos a:&nbsp;<\/strong><a href=\"mailto:socios@notiarjona.com.ar\">socios@notiarjona.com.ar<\/a><strong>&nbsp;proporcion\u00e1ndonos tus datos completos nuevamente, tu n\u00famero de socio, y explicando tu situaci\u00f3n.<br><br>-Si a\u00fan no sos socio y quer\u00e9s serlo copia y peg\u00e1 tal cual el formulario que se encuentra a continuaci\u00f3n y env\u00edalo COMPLETO a:&nbsp;&nbsp;<\/strong><a href=\"mailto:socios@notiarjona.com.ar\">socios@notiarjona.com.ar<\/a><strong>&nbsp;POR FAVOR ENVIAR LOS DATOS EN MAY\u00daSCULA MENOS LA DIRECCI\u00d3N DE MAIL. EL DNI.<br>ES OBLIGATORIO SOLO PARA LA ARGENTINA.<br><br>A la brevedad de lo posible recibir\u00e1s tu credencial en tu casilla de mail, por favor te pedimos paciencia!!!<br>Muchas Gracias!<br><br><u>FANS CLUB OFICIAL RICARDO ARJONA EN ARGENTINA<\/u><\/strong><\/p>\n\n\n\n<ul class=\"wp-block-list\">\n<li class=\"has-vivid-red-color has-text-color has-link-color has-medium-font-size wp-elements-32c6cb59cf331b18eee5e562477ad02f\"><strong>Modelo de Formulario<\/strong> -Cop\u00eda, Peg\u00e1, Completalo y env\u00edalo por Mail-<\/li>\n\n\n\n<li class=\"has-vivid-red-color has-text-color has-link-color has-medium-font-size wp-elements-2979871906836c9d19b5fef11d958e37\">\n<ul class=\"wp-block-list\">\n<li><strong>APELLIDOS:<\/strong><\/li>\n\n\n\n<li><strong>NOMBRES:<\/strong><\/li>\n\n\n\n<li><strong>D.N.I. (Para Argentina):<\/strong><\/li>\n\n\n\n<li><strong>NACIONALIDAD:<\/strong><\/li>\n\n\n\n<li><strong>DIRECCI\u00d3N:<\/strong><\/li>\n\n\n\n<li><strong>BARRIO O LOCALIDAD:<\/strong><\/li>\n\n\n\n<li><strong>CIUDAD:PROVINCIA:<\/strong><\/li>\n\n\n\n<li><strong>PA\u00cdS:<\/strong><\/li>\n\n\n\n<li><strong>C\u00d3DIGO POSTAL:<\/strong><\/li>\n\n\n\n<li><strong>TEL\u00c9FONO:<\/strong><\/li>\n\n\n\n<li><strong>FECHA DE NACIMIENTO:<\/strong><\/li>\n\n\n\n<li><strong>E-MAIL:<\/strong><\/li>\n\n\n\n<li><strong>SEXO: MASCULINO\/FEMENINO<\/strong><\/li>\n<\/ul>\n<\/li>\n<\/ul>\n","protected":false},"excerpt":{"rendered":"<p>Por Favor&nbsp;Leer Atentamente&nbsp;la siguiente Informaci\u00f3n: -Para ser parte del Fans Club no se pide ning\u00fan requisito en especial,<\/p>\n","protected":false},"author":1,"featured_media":0,"parent":0,"menu_order":0,"comment_status":"closed","ping_status":"closed","template":"","meta":{"footnotes":""},"class_list":["post-220","page","type-page","status-publish","hentry"],"_links":{"self":[{"href":"http:\/\/www.notiarjona.com.ar\/seco\/wp-json\/wp\/v2\/pages\/220","targetHints":{"allow":["GET"]}}],"collection":[{"href":"http:\/\/www.notiarjona.com.ar\/seco\/wp-json\/wp\/v2\/pages"}],"about":[{"href":"http:\/\/www.notiarjona.com.ar\/seco\/wp-json\/wp\/v2\/types\/page"}],"author":[{"embeddable":true,"href":"http:\/\/www.notiarjona.com.ar\/seco\/wp-json\/wp\/v2\/users\/1"}],"replies":[{"embeddable":true,"href":"http:\/\/www.notiarjona.com.ar\/seco\/wp-json\/wp\/v2\/comments?post=220"}],"version-history":[{"count":2,"href":"http:\/\/www.notiarjona.com.ar\/seco\/wp-json\/wp\/v2\/pages\/220\/revisions"}],"predecessor-version":[{"id":223,"href":"http:\/\/www.notiarjona.com.ar\/seco\/wp-json\/wp\/v2\/pages\/220\/revisions\/223"}],"wp:attachment":[{"href":"http:\/\/www.notiarjona.com.ar\/seco\/wp-json\/wp\/v2\/media?parent=220"}],"curies":[{"name":"wp","href":"https:\/\/api.w.org\/{rel}","templated":true}]}}