{"id":40,"date":"2025-08-06T01:11:22","date_gmt":"2025-08-06T01:11:22","guid":{"rendered":"http:\/\/www.notiarjona.com.ar\/seco\/?page_id=40"},"modified":"2025-09-01T00:55:18","modified_gmt":"2025-09-01T00:55:18","slug":"club","status":"publish","type":"page","link":"http:\/\/www.notiarjona.com.ar\/seco\/club\/","title":{"rendered":"FANS CLUB"},"content":{"rendered":"\n<figure class=\"wp-block-image aligncenter size-full is-resized\"><img decoding=\"async\" src=\"http:\/\/www.notiarjona.com.ar\/seco\/wp-content\/uploads\/2025\/08\/thumbnail_image0.jpg\" alt=\"\" class=\"wp-image-45\" style=\"width:244px;height:auto\"\/><\/figure>\n\n\n\n<p><\/p>\n\n\n\n<p class=\"has-text-align-center has-vivid-red-color has-text-color has-link-color has-large-font-size wp-elements-bdf880bd26fb2ed887488c906d84be67\"><strong>UN POCO DE NUESTRA HISTORIA<\/strong><\/p>\n\n\n\n<figure class=\"wp-block-image aligncenter size-full is-resized\"><img loading=\"lazy\" decoding=\"async\" width=\"620\" height=\"450\" src=\"http:\/\/www.notiarjona.com.ar\/seco\/wp-content\/uploads\/2025\/09\/620x450-a-1.png\" alt=\"\" class=\"wp-image-94\" style=\"width:740px;height:auto\" srcset=\"http:\/\/www.notiarjona.com.ar\/seco\/wp-content\/uploads\/2025\/09\/620x450-a-1.png 620w, http:\/\/www.notiarjona.com.ar\/seco\/wp-content\/uploads\/2025\/09\/620x450-a-1-300x218.png 300w\" sizes=\"auto, (max-width: 620px) 100vw, 620px\" \/><\/figure>\n\n\n\n<p><strong>Fans Club Oficial Ricardo Arjona En Argentina, tambi\u00e9n conocido por muchos como \u00abNotiarjona\u00bb nombre con que hemos bautizado nuestra P\u00e1gina web, ha sido Formado por la fusi\u00f3n de los Fans club existentes al momento de la llegada de RICARDO en su gira \u00b495 (Historias, Jes\u00fas verbo, Libre1, Libre2 y Mujeres). El club comenz\u00f3 su actividad a partir del 16 de septiembre de 1995.<\/strong><\/p>\n\n\n\n<p><strong>Nuestro Objetivo principal desde el comienzo ha sido Promocionar al Artista,&nbsp; Mantener en vigencia su m\u00fasica y ser un nexo informativo entre los interesados de nuestro pa\u00eds&nbsp; y los del exterior, siempre respetando estrictamente la esfera intima del Artista.<\/strong><\/p>\n\n\n\n<p><strong>En la actualidad est\u00e1 dirigido por una Comisi\u00f3n Directiva formada por cuatro miembros. Adem\u00e1s contamos con 4 Delagaciones a lo largo y ancho del pa\u00eds.<\/strong><\/p>\n\n\n\n<div class=\"wp-block-group has-black-color has-text-color has-link-color has-small-font-size wp-elements-04a99c119c9eb480aa8d68256370be62 is-vertical is-layout-flex wp-container-core-group-is-layout-fe9cc265 wp-block-group-is-layout-flex\">\n<div class=\"wp-block-group has-global-padding is-layout-constrained wp-block-group-is-layout-constrained\">\n<p class=\"has-medium-font-size\"><strong>MIEMBROS<\/strong><\/p>\n\n\n\n<div class=\"wp-block-group has-global-padding is-layout-constrained wp-block-group-is-layout-constrained\">\n<p><strong><em>Alicia, Ma. Cristina, Mercedes, M\u00f3nica<\/em><\/strong><\/p>\n\n\n\n<p class=\"has-vivid-red-color has-text-color has-link-color wp-elements-e62ebf86948b1d3c2fd637d2a840afd3\"><strong>COMISI\u00d3N DIRECTIVA<\/strong><\/p>\n<\/div>\n\n\n\n<div class=\"wp-block-group has-global-padding is-layout-constrained wp-block-group-is-layout-constrained\">\n<p><strong><em>Silvina S\u00e1nchez<\/em><\/strong><\/p>\n\n\n\n<p class=\"has-vivid-red-color has-text-color has-link-color wp-elements-550ad0fb79312d0de6842510b6aa888c\"><strong>DELEGACI\u00d3N ROSARIO<\/strong><\/p>\n<\/div>\n\n\n\n<div class=\"wp-block-group has-global-padding is-layout-constrained wp-block-group-is-layout-constrained\">\n<p><strong><em>Mar\u00eda Bel\u00e9n Guzm\u00e1n<\/em><\/strong><\/p>\n\n\n\n<p class=\"has-vivid-red-color has-text-color has-link-color wp-elements-0fd5881a782fe80904479c6c6e4b075b\"><strong>DELEGACI\u00d3N SUR<\/strong><\/p>\n<\/div>\n\n\n\n<div class=\"wp-block-group has-global-padding is-layout-constrained wp-block-group-is-layout-constrained\">\n<p><strong><em>Gilselda Peressotti<\/em><\/strong><\/p>\n\n\n\n<p class=\"has-vivid-red-color has-text-color has-link-color wp-elements-4b8df1650753cf8501f8e71b3917389e\"><strong>DELEGACI\u00d3N C\u00d3RDOBA<\/strong><\/p>\n<\/div>\n<\/div>\n\n\n\n<div class=\"wp-block-group has-global-padding is-layout-constrained wp-block-group-is-layout-constrained\">\n<p><strong><em>Sofia Lizarraga<\/em><\/strong><\/p>\n\n\n\n<p class=\"has-vivid-red-color has-text-color has-link-color wp-elements-45fe954933b7fb289116855258455fde\"><strong>DELEGACI\u00d3N NORTE<\/strong><\/p>\n<\/div>\n\n\n\n<hr class=\"wp-block-separator has-alpha-channel-opacity\"\/>\n<\/div>\n\n\n\n<hr class=\"wp-block-separator has-alpha-channel-opacity\"\/>\n\n\n\n<div class=\"wp-block-group is-nowrap is-layout-flex wp-container-core-group-is-layout-6c531013 wp-block-group-is-layout-flex\">\n<p class=\"has-vivid-red-color has-text-color has-link-color has-large-font-size wp-elements-9a7ca56e0b1182e700781f6063dd6fe0\"><strong>DELEGACIONES<\/strong><\/p>\n<\/div>\n\n\n\n<p><strong>Nuestra Sede Central se encuentra en la Ciudad Aut\u00f3noma de Buenos Aires desde el a\u00f1o 1995.<\/strong><\/p>\n\n\n\n<p><strong>Debido a la gran cantidad de Amigos Rosarinos y las inmensas ganas de trabajar que ten\u00eda el grupo de dicha ciudad, en Marzo del 2010 la Delegaci\u00f3n de Rosario comenz\u00f3 su actividad de la mano de su representante Flavia de los Santos.El grupo se expandi\u00f3 y en la actualidad llega hasta la ciudad de Santa Fe. Ante la perdida f\u00edsica de Nuestra querida Flavia, Silvina S\u00e1nchez es qui\u00e9n est\u00e1 a cargo del grupo. La actividad del club no se limita \u00fanicamente a promover la carrera de Ricardo en dicha provincia, sino que tambi\u00e9n colaboran activamente con el \u00abMerendero La Tablita \u00bb y con el grupo \u00abMam\u00e1s Sustitutas del Hospital Alassia\u00bb .<\/strong><br><br><strong>En el mes de Abril del A\u00f1o 2015 nace la Delegaci\u00f3n C\u00f3rdoba reuniendo a un grupo de amigos que comparten una inmensa admiraci\u00f3n por Ricardo Arjona. Unidos por la misma pasi\u00f3n, entusiasmo y ganas de trabajar comenzaron las reuniones a cargo de su coordinadora: Giselda Peressotti.&nbsp; Adem\u00e1s la Delegaci\u00f3n colabora solidariamente con el Comedor \u00abUn Man\u00e1 del Cielo\u00bb.<\/strong><\/p>\n\n\n\n<p><strong>En el mes de Octubre del 2012 nace la Delegaci\u00f3n C\u00f3modoro que luego se convirti\u00f3 en la actual \u00abDelegaci\u00f3n Sur\u00bb. La misma reune amigos de distintas localidades de nuestra hermosa patagonia que admiran y siguen el trabajo de Ricardo Arjona. El grupo est\u00e1 a cargo de Mar\u00eda Bel\u00e9n Guzm\u00e1n.<\/strong><br><br><strong> El 2 de Diciembre del 2017, Sofia Lizarraga, se hizo cargo de la Delegaci\u00f3n Norte. La misma agrupa Fans de las provincias de Jujuy, Salta, Tucum\u00e1n y Santiago del Estero. Adem\u00e1s la Delegaci\u00f3n realiza labores solidarias en dichas localidades.<\/strong><\/p>\n\n\n\n<hr class=\"wp-block-separator has-alpha-channel-opacity\"\/>\n\n\n\n<div class=\"wp-block-group is-nowrap is-layout-flex wp-container-core-group-is-layout-6c531013 wp-block-group-is-layout-flex\">\n<p class=\"has-vivid-red-color has-text-color has-link-color has-large-font-size wp-elements-3bd2bb96ebabf24f38673fde9c50458f\"><strong>SOLIDARIDAD<\/strong><\/p>\n<\/div>\n\n\n\n<p><\/p>\n\n\n\n<p><strong>Cuando Naci\u00f3 este Club de Fans nuestro objetivo principal era apoyar y promover la carrera de Ricardo en Nuestro pa\u00eds. Con el tiempo nos dimos cuenta que con tanta energ\u00eda positiva, fuerza, trabajo, ganas y&nbsp; uni\u00f3n este Fans Club pod\u00eda hacer algo m\u00e1s que eso, y por ello comenzamos nuestros proyectos solidarios con total apoyo incondicional de todos los miembros de este Grupo. Poco a poco fuimos organiz\u00e1ndonos, y la solidaridad se volvi\u00f3 una actividad principal para nosotros.<\/strong><\/p>\n\n\n\n<p><strong>La comienzo no faltaron proyectos solidarios para ayudar a escuelas, hogares y comedores infantiles, mediante la entrega de \u00fatiles escolares, juguetes, ropa y alimentos. Otro tema de fundamental importancia es el cuidado del medio ambiente y por ello lanzamos campa\u00f1as para el reciclaje de papel latas y pilas.<\/strong><\/p>\n\n\n\n<p><strong>&nbsp;En la primera etapa concretamos la entrega de latas a la Fundaci\u00f3n del Padre Grassi colaborando con su obra para bienestar de los ni\u00f1os desamparados. Tambi\u00e9n se entregaron boletos al colegio Nuestra Se\u00f1ora de la Merced para la obtenci\u00f3n de una silla de ruedas. Por su parte se recolectaron pilas que fueron entregadas a la Cruz Roja de Mar de Ajo para colaborar en su inactivaci\u00f3n, construyendo bancos de plazas y monumentos. Tambi\u00e9n se juntaron marquillas de cigarrillos&nbsp; que luego se donaron a un chico diab\u00e9tico para la obtenci\u00f3n de dosis de insulina.<\/strong><\/p>\n\n\n\n<p><strong>&nbsp;Colaboramos con donaciones de alimentos no perecederos y ropa para los inundados de la Provincia de Santiago del Estero, concretado a trav\u00e9s del C\u00edrculo Santiague\u00f1o. Adem\u00e1s participamos en distintas campa\u00f1as solidarias, aunando fuerzas con otros Fans clubes.<\/strong><\/p>\n\n\n\n<p><strong>A mediados del A\u00f1o 2000 apadrinamos una escuelita de la Provincia de Chaco la N\u00ba 495 \u00abSalvador Farana\u00bb a la cual se donaron alimentos, ropa, \u00fatiles escolares, bater\u00edas de cocina, etc.<\/strong><\/p>\n\n\n\n<p><strong>En el a\u00f1o 2002 continuamos con el padrinazgo de la escuela y empezamos con la recolecci\u00f3n de papel para colaborar con la \u00abCasa Garraham\u00bb donde albergan a familiares y pacientes con enfermedades de tratamientos prolongados.<\/strong><\/p>\n\n\n\n<p><strong>Desde el A\u00f1o 2005 colaboramos con la Asociaci\u00f3n \u00abDar es Dar\u00bb Gracias a M\u00f3nica Molina, Actual Coordinadora de la \u00c1rea Solidaria, qui\u00e9n fue el nexo entre la entidad y el Club de Fans. Por ello se creo un grupo de Tejedoras que desde aquel entonces hacen mantas, bufandas, gorros, escarpines que se donaron en distintas escuelas, y hogares. Adem\u00e1s se&nbsp; juntan \u00fatiles, alimentos no perecederos, ropa, elementos de cocina, etc.<\/strong><\/p>\n\n\n\n<p><strong>En la primer reuni\u00f3n del 2007&nbsp;comenzamos a trabajar&nbsp; en un proyecto del Centro de formaci\u00f3n Laboral Nro. 1 de Marcos Paz, que es una escuela con chicos con capacidades diferentes y con problemas motrices.<\/strong><\/p>\n\n\n\n<p><strong>Durante el 2009 nuestro labor solidario creci\u00f3 a gran escala. Hemos juntado tapitas pl\u00e1sticas, llaves de bronce, radiografias, tapas de aluminio para la fundaci\u00f3n Garrahan. Tambi\u00e9n se han donado colchas, bufandas, Gorros y Juguetes, todos confeccionados artesanalmente por las manos solidarias de las tejedoras del Club. Todos han colaborado adem\u00e1s con \u00fatiles, Ropa, electrodom\u00e9sticos, partes de PC, y un sin fin de cosas que son de gran utilidad para los hogares. Adem\u00e1s de reunir pilas como medida de protecci\u00f3n ecol\u00f3gica.<\/strong><\/p>\n\n\n\n<p><strong>En el a\u00f1o 2015 colaboramos con el&nbsp;Hospital Materno infantil Meisner (Derqui).<\/strong><\/p>\n\n\n\n<p><strong>La Delegaci\u00f3n Rosario acompa\u00f1\u00f3 y apoy\u00f3 el proyecto del Comedor \u00abPancitas Vac\u00edas\u00bb durante seis maravillosos a\u00f1\u00f3s. Proyecto que en este a\u00f1o 2016, lleg\u00f3 a su fin. Sin embargo se contin\u00faa trabajando actualmente con el Merendero \u00abLa Tablita\u00bb de Villa Gobernador Galv\u00e9z. En la ciudad de Santa F\u00e9, se colabora activamente con las \u00abMam\u00e1s Sustitutas del Hospital Alassia\u00bb.<\/strong><\/p>\n\n\n\n<p><strong>Nuestro Grupo de C\u00f3rdoba participa activamente de la labor solidaria colaborando con el comedor \u00abUn man\u00e1 del cielo\u00bb y \u00abComedor Sonrisas\u00bb, mientras que la Delegaci\u00f3n del Norte env\u00eda donaciones a una Escuela de Tacana, en San Pedro de Colalao, comuna rural del departamento de Trancas, Tucum\u00e1n.<\/strong><\/p>\n\n\n\n<p><strong>Actualmente nuestras Colaboraciones en Ciudad de Buenos Aires tienen como destino El Hogar \u00abLa Casa de Micaela\u00bb (Santos Lugares). <\/strong><\/p>\n\n\n\n<p class=\"has-black-color has-text-color has-link-color has-medium-font-size wp-elements-c34218b2e921cc4df4b62daedbc9a1f1\"><strong><em>Agradecemos infinitamente a las Manos Solidarias de este grupo que colaboran Mes a Mes con esta obra y A Moni Molina qui\u00e9n es el pilar fundamental para que esto funcione.<\/em><\/strong><\/p>\n\n\n\n<hr class=\"wp-block-separator has-alpha-channel-opacity\"\/>\n\n\n\n<div class=\"wp-block-group is-nowrap is-layout-flex wp-container-core-group-is-layout-6c531013 wp-block-group-is-layout-flex\">\n<p class=\"has-vivid-red-color has-text-color has-link-color has-large-font-size wp-elements-1bdcc3aeb7dabfd93111e4a6bd6ebe3e\"><strong>LEMA DE NUESTRO CLUB<\/strong><\/p>\n\n\n\n<p><\/p>\n<\/div>\n\n\n\n<p><strong>Si ya sos parte de este Fans Club,&nbsp;queremos&nbsp;que te comprometas a cumplir con lo que te pedimos a continuaci\u00f3n.&nbsp;Si tenemos en cuenta estos pensamientos demostraremos que estamos unidos, lograremos una cordial bienvenida y una placentera estad\u00eda de nuestro \u00eddolo:<\/strong><\/p>\n\n\n\n<blockquote class=\"wp-block-quote is-layout-flow wp-block-quote-is-layout-flow\">\n<ul class=\"wp-block-list\">\n<li class=\"has-medium-font-size\"><strong>Ricardo es uno s\u00f3lo, no lo lastimes.<\/strong><\/li>\n\n\n\n<li class=\"has-medium-font-size\"><strong>Ricardo dice que prefiere un o\u00eddo atento a un grito hist\u00e9rico.<\/strong><\/li>\n\n\n\n<li class=\"has-medium-font-size\"><strong>La oportunidad del tiempo que pueda estar con nosotros es como te comportes<\/strong><\/li>\n\n\n\n<li class=\"has-medium-font-size\"><strong>Que esta llegada sea algo que no olvides nunca y no una batalla campal.<\/strong><\/li>\n\n\n\n<li class=\"has-medium-font-size\"><strong>Si tienes a un compa\u00f1ero que se esta comportando mal, por favor c\u00e1lmalo<\/strong><\/li>\n<\/ul>\n<\/blockquote>\n\n\n\n<p><\/p>\n","protected":false},"excerpt":{"rendered":"<p>UN POCO DE NUESTRA HISTORIA Fans Club Oficial Ricardo Arjona En Argentina, tambi\u00e9n conocido por muchos como \u00abNotiarjona\u00bb<\/p>\n","protected":false},"author":1,"featured_media":0,"parent":0,"menu_order":0,"comment_status":"closed","ping_status":"closed","template":"","meta":{"footnotes":""},"class_list":["post-40","page","type-page","status-publish","hentry"],"_links":{"self":[{"href":"http:\/\/www.notiarjona.com.ar\/seco\/wp-json\/wp\/v2\/pages\/40","targetHints":{"allow":["GET"]}}],"collection":[{"href":"http:\/\/www.notiarjona.com.ar\/seco\/wp-json\/wp\/v2\/pages"}],"about":[{"href":"http:\/\/www.notiarjona.com.ar\/seco\/wp-json\/wp\/v2\/types\/page"}],"author":[{"embeddable":true,"href":"http:\/\/www.notiarjona.com.ar\/seco\/wp-json\/wp\/v2\/users\/1"}],"replies":[{"embeddable":true,"href":"http:\/\/www.notiarjona.com.ar\/seco\/wp-json\/wp\/v2\/comments?post=40"}],"version-history":[{"count":12,"href":"http:\/\/www.notiarjona.com.ar\/seco\/wp-json\/wp\/v2\/pages\/40\/revisions"}],"predecessor-version":[{"id":96,"href":"http:\/\/www.notiarjona.com.ar\/seco\/wp-json\/wp\/v2\/pages\/40\/revisions\/96"}],"wp:attachment":[{"href":"http:\/\/www.notiarjona.com.ar\/seco\/wp-json\/wp\/v2\/media?parent=40"}],"curies":[{"name":"wp","href":"https:\/\/api.w.org\/{rel}","templated":true}]}}