{"id":80,"date":"2025-08-31T21:04:15","date_gmt":"2025-08-31T21:04:15","guid":{"rendered":"http:\/\/www.notiarjona.com.ar\/seco\/?page_id=80"},"modified":"2025-08-31T21:08:55","modified_gmt":"2025-08-31T21:08:55","slug":"ricardo","status":"publish","type":"page","link":"http:\/\/www.notiarjona.com.ar\/seco\/ricardo\/","title":{"rendered":"RICARDO"},"content":{"rendered":"\n<figure class=\"wp-block-image aligncenter size-large\"><img loading=\"lazy\" decoding=\"async\" width=\"1024\" height=\"538\" src=\"http:\/\/www.notiarjona.com.ar\/seco\/wp-content\/uploads\/2025\/08\/Ricardo-Arjona-2-1024x538.png\" alt=\"\" class=\"wp-image-84\" srcset=\"http:\/\/www.notiarjona.com.ar\/seco\/wp-content\/uploads\/2025\/08\/Ricardo-Arjona-2-1024x538.png 1024w, http:\/\/www.notiarjona.com.ar\/seco\/wp-content\/uploads\/2025\/08\/Ricardo-Arjona-2-300x158.png 300w, http:\/\/www.notiarjona.com.ar\/seco\/wp-content\/uploads\/2025\/08\/Ricardo-Arjona-2-768x403.png 768w, http:\/\/www.notiarjona.com.ar\/seco\/wp-content\/uploads\/2025\/08\/Ricardo-Arjona-2.png 1200w\" sizes=\"auto, (max-width: 1024px) 100vw, 1024px\" \/><\/figure>\n\n\n\n<p class=\"has-vivid-red-color has-text-color has-link-color has-large-font-size wp-elements-09a77a4cfa561fb344ae37ac190d421d\"><strong>BIOGRAFIA<\/strong><\/p>\n\n\n\n<p><\/p>\n\n\n\n<p><strong>Edgar Ricardo Arjona Morales naci\u00f3 el 19 de enero de 1964 en la ciudad de Antigua, Guatemala, en el seno de una familia humilde y muy unida que ya ten\u00eda dos hijas cuando Ricardo vino al mundo. Su padre, maestro de escuela revolucionario que dio clases en colegios primarios rurales por m\u00e1s de cuarenta a\u00f1os, quer\u00eda que su hijo siguiera sus pasos. Su madre, ama de casa educada de manera tradicional y muy estricta, prefer\u00eda que fuera m\u00e9dico o militar. El peque\u00f1o sorprendi\u00f3 a sus padres por traer consigo una luz propia y claro estaba que el destino le ten\u00eda preparado algo muy distinto a este ni\u00f1o curioso y de mirada rebelde.<\/strong><\/p>\n\n\n\n<p><strong>Arjona curs\u00f3 sus estudios primarios en un colegio de monjas muy r\u00edgido, del que estuvieron a punto de expulsarlo varias veces por mala conducta, y su talento para tocar la guitarra y dirigir al grupo art\u00edstico de la escuela era muy apreciado por las autoridades del establecimiento. A los 14 a\u00f1os, ingres\u00f3 en un colegio a\u00fan m\u00e1s riguroso que el anterior en el que los profesores se manejaban&nbsp;con un r\u00e9gimen casi militar. Ni los castigos ni las bajas calificaciones lograban hacerle cambiar de forma de pensar y se aferraba con m\u00e1s fuerza a la m\u00fasica como manera de expresar su desacuerdo con distintos aspectos de la vida.<\/strong><\/p>\n\n\n\n<p><strong>Aunque en lo m\u00e1s profundo de su ser sab\u00eda que lo suyo era la m\u00fasica, Ricardo Arjona decidi\u00f3 seguir la carrera de maestro. Durante cinco a\u00f1os, se ocup\u00f3 de dar clases en uno de los institutos m\u00e1s convulsionados en la \u00e9poca en la que los estudiantes se enfrentaban a los gobiernos militares de su pa\u00eds. Fueron tiempos duros para \u00e9l. Sin embargo, las muertes injustas de algunos de sus amigos terminaron de afianzar su personalidad y lo perfilaron como compositor de canciones de protesta. Por entonces, s\u00f3lo compart\u00eda sus creaciones con amigos y termin\u00f3 dejando de lado el canto porque pensaba que no era para \u00e9l. Decidi\u00f3 abocarse al b\u00e1squet y prob\u00f3 estudiar varias carreras hasta que entr\u00f3 en la Facultad de Ciencias de la Comunicaci\u00f3n y se recibi\u00f3 de comunicador con especialidad en publicidad. A pesar de sus estudios, nunca dej\u00f3 de componer.<\/strong><\/p>\n\n\n\n<p><strong>En 1985, produjo su primer disco \u00abD\u00e9jame decir que te amo\u00bb. No obstante, no se mostr\u00f3 conforme con los primeros intentos que hizo en algunas compa\u00f1\u00edas grabadoras y, cansado de que sus temas terminaran en boca de otros, fue a probar suerte a Buenos Aires. En esta \u00e9poca bohemia, se dedic\u00f3 a cantar en la calle Florida y en algunos bares a cambio de monedas. Aqu\u00ed fue donde conoci\u00f3 a la puertorrique\u00f1a Leslie Torres con quien se cas\u00f3 y tuvo dos hijos, Ricardo y Adria.<\/strong><\/p>\n\n\n\n<p><strong>En 1990, de vuelta en Guatemala, grab\u00f3 \u00abJes\u00fas verbo no sustantivo\u00bb. En este mismo a\u00f1o, se fue a vivir a M\u00e9xico.<\/strong><\/p>\n\n\n\n<p><strong>En 1991, lanz\u00f3 \u00abDel otro lado del sol\u00bb, \u00e1lbum que lo ayudar\u00eda a definir el estilo que lo caracterizar\u00eda a lo largo de su carrera.<\/strong><\/p>\n\n\n\n<p><strong>En 1992, sac\u00f3 \u00abAnimal nocturno\u00bb, trabajo que lo consagrar\u00eda definitivamente como uno de los cantantes latinos m\u00e1s importantes del mundo.<\/strong><\/p>\n\n\n\n<p><strong>En 1993, el presidente de Guatemala, Ramiro de Le\u00f3n Carpio, le otorg\u00f3 la \u00abOrden Rafael \u00c1lvarez Ovalle\u00bb por sus m\u00e9ritos a nivel internacional.<\/strong><\/p>\n\n\n\n<p><strong>En 1994, grab\u00f3 \u00abHistorias\u00bb, otra superproducci\u00f3n que tuvo gran popularidad en Latinoam\u00e9rica y le permiti\u00f3 darse a conocer tambi\u00e9n en el resto del mundo.<\/strong><\/p>\n\n\n\n<p><strong>En 1996, sali\u00f3 al mercado \u00abSi el norte fuera el sur\u00bb, obra que incluye temas m\u00e1s fuertes y que provoc\u00f3 que su m\u00fasica fuera censurada en algunos pa\u00edses.<\/strong><\/p>\n\n\n\n<p><strong>En 1998, lanz\u00f3 \u00abSin da\u00f1os a terceros\u00bb,&nbsp;proyecto dedicado fundamentalmente al amor.<\/strong><\/p>\n\n\n\n<p><strong>En 1999, sac\u00f3 \u00abRicardo Arjona vivo\u00bb, grabaci\u00f3n de varios temas presentados en sus conciertos. En el Festival Internacional de la canci\u00f3n de Vi\u00f1a del Mar, recibi\u00f3 la primera Gaviota de Oro. De esta forma, logr\u00f3 convertirse en uno de los pocos artistas que recibe el premio que otorga el festival musical m\u00e1s importante de Hispanoam\u00e9rica y uno de los principales a nivel mundial.<\/strong><\/p>\n\n\n\n<p><strong>En 2000, grab\u00f3 \u00abGaler\u00eda caribe\u00bb, un CD cuyas canciones llegaron a ser las m\u00e1s escuchadas en todas las radios del mundo y que lo convirti\u00f3 en un artista consagrado y ovacionado en todo el mundo.<\/strong><\/p>\n\n\n\n<p><strong>En 2002, sali\u00f3 al mercado \u00abSanto pecado\u00bb producci\u00f3n cuyo nombre pensaba ponerle al restaurante que ten\u00eda ganas de abrir con unos amigos pero dicha idea nunca se materializ\u00f3. Se separ\u00f3 de su mujer y debi\u00f3 afrontar el momento m\u00e1s duro en su historia personal.<\/strong><\/p>\n\n\n\n<p><strong>En 2003, lanz\u00f3&nbsp;\u00abLados B\u00bb, un \u00e1lbum con las canciones que no fueron populares por ser poco comerciales.<\/strong><\/p>\n\n\n\n<p><strong>En 2004, grab\u00f3 \u00abS\u00f3lo\u00bb, un DVD en el que recorre cada recoveco de su vida \u00edntima y que acompa\u00f1a con un CD de temas ac\u00fasticos.<\/strong><\/p>\n\n\n\n<p><strong>En 2005, sali\u00f3 \u00abAdentro\u00bb, obra compuesta por canciones que, en su mayor\u00eda, hablan de historias de la vida cotidiana&nbsp;y que fue un \u00e9xito rotundo de ventas.<\/strong><\/p>\n\n\n\n<p><strong>En 2006, se convirti\u00f3 en el primer artista que recibi\u00f3 la estatuilla que lo acredit\u00f3 como triunfador en la categor\u00eda \u00abSolista Latino\u00bb.<\/strong><\/p>\n\n\n\n<p><strong>El Jefe de Gobierno de la ciudad de Buenos Aires, Jorge Telerman, lo declar\u00f3 \u00abHu\u00e9sped de Honor\u00bb. Se hizo acreedor al \u00abGrammy Latino\u00bb en la categor\u00eda \u00abMejor \u00c1lbum Pop Masculino\u00bb por su disco \u00abAdentro\u00bb. La ASCAP (Sociedad Norteamericana de Autores, Compositores y Publicistas) le otorg\u00f3 el premio \u00abHerencia Latinoamericana\u00bb. Obtuvo galardones en la categor\u00eda \u00abMejor canci\u00f3n del a\u00f1o (Pop-Balada)\u00bb por \u00abPor qu\u00e9 es tan cruel el amor\u00bb. Gan\u00f3 un gram\u00f3fono dorado \u00abGrammy Latino\u00bb en la categor\u00eda \u00abMejor \u00c1lbum Pop Masculino\u00bb por \u00abAdentro\u00bb.&nbsp;Confirm\u00f3 su relaci\u00f3n sentimental con Deisy Arvelo, modelo caraque\u00f1a a la que conoci\u00f3 cuando la venezolana particip\u00f3 del video \u00abDime que no\u00bb.<\/strong><\/p>\n\n\n\n<p><strong>En 2007, sac\u00f3 al mercado \u00abQuien dijo ayer\u00bb, proyecto en el que hace algunos duetos con artistas como Eros Ramazzotti, Marta S\u00e1nchez, Sandro, Marc Anthony y Pante\u00f3n Rococ\u00f3. Gan\u00f3 su segundo premio Grammy en la categor\u00eda \u00abMejor \u00c1lbum de Pop Latino\u00bb por \u00abAdentro\u00bb. Lanz\u00f3 el vino Santo Pecado, elaborado por la bodega argentina Dominio del Plata asociada al proyecto de Arjona.<\/strong><\/p>\n\n\n\n<p><strong>En 2008, cre\u00f3 una fundaci\u00f3n ben\u00e9fica en Guatemala llamada \u00abAdentro\u00bb para sacar a los ni\u00f1os de la marginalidad y potenciar sus vocaciones art\u00edsticas. Grab\u00f3 \u00abArjona, Simplemente lo mejor\u00bb, trabajo que contiene los m\u00e1s grandes \u00e9xitos del artista y refleja la carrera extraordinaria que ha tenido tanto en su pa\u00eds como a nivel internacional. Cambi\u00f3 de compa\u00f1\u00eda discogr\u00e1fica, tras a\u00f1os de formar parte del elenco de la firma Sony BMG, para integrar Warner Music Group y lanz\u00f3 \u00ab5to piso\u00bb, producci\u00f3n en la que cuenta historias de las que se ha vuelto testigo desde la ventana de su trinchera del 5to piso. Estren\u00f3 un renovado sitio web que bati\u00f3 r\u00e9cords ya que tuvo m\u00e1s de 250.000 visitas a tan s\u00f3lo 12 horas de su lanzamiento. La ASCAP le otorg\u00f3 el premio&nbsp;\u00abMejor canci\u00f3n del a\u00f1o (Pop-Balada)\u00bb por&nbsp;\u00abQuiero\u00bb incluida en el disco \u00abQui\u00e9n dijo ayer\u00bb.<\/strong><\/p>\n\n\n\n<p><strong>En marzo de 2009, comenz\u00f3 su gira \u00abQuinto Piso\u00bb en M\u00e9xico y sus recitales tambi\u00e9n ser\u00e1n disfrutados por millones de admiradores en Espa\u00f1a, pa\u00eds que visita por primera vez, Puerto Rico, Rep\u00fablica Dominicana, Costa Rica, Panam\u00e1, Ecuador, los Estados Unidos, Venezuela y la Argentina. Recibi\u00f3 el Premio Supernova en Premios Juventud por su destacada carrera musical. La empresa AEG le hizo entrega de un reconocimiento por ser el tercer artista latino en la historia del Nokia Theatre LA LIVE en abarrotar&nbsp;tres funciones y as\u00ed tener un \u00e9xito apabullante. Fue invitado a dar la conferencia \u00abEl papel del artista en promover cambios sociales\u00bb en la Universidad de Harvard.<\/strong><\/p>\n\n\n\n<p><strong>La Gira &#8216;Quinto Piso&#8217; ha sido un gran \u00e9xito, visit\u00f3 las ciudades de Sudam\u00e9rica, en especial, las ciudades del interior de Argentina, como Santa Fe, Trelew, C\u00f3rdoba, R\u00edo Gallegos, Mar del Plata, Bah\u00eda Blanca, Viedma, Neuqu\u00e9n, Corrientes y Tucum\u00e1n. Y en la Capital ofreci\u00f3 5 conciertos a lleno total en el estadio de Boca Juniors, los d\u00edas 15, 16, 17, y 18 de Octubre, despidi\u00e9ndose del publico Argentino, en una nueva funci\u00f3n realizada el d\u00eda 18 de diciembre. Fue galardonado con el premio Cadena Dial 2009.Tambi\u00e9n, recibi\u00f3 la antorcha de Plata, la de Oro y la doble Gaviota de Plata en el festival de la canci\u00f3n en Vi\u00f1a del Mar. Fue merecedor de un premio Billboard De La M\u00fasica Latina 2010 por su gira \u00ab5to. Piso\u00bb. Orgullosamente Latino lo premi\u00f3 en la terna \u00abTrayectoria Latina\u00bb que reconoce a los artistas con m\u00e1s de 20 a\u00f1os en la escena musical. Lanz\u00f3 su d\u00e9cima quinta producci\u00f3n intitulada \u00abPoquita Ropa\u00bb que se nutre de 12 historias cotidianas contadas con \u00abpoquita ropa\u00bb y lleg\u00f3 a la certificaci\u00f3n Doble Platino. Naci\u00f3 su tercer hijo, Nicol\u00e1s Arjona Arvelo, fruto de la s\u00f3lida relaci\u00f3n que Ricardo tiene con Deisy Arvelo.<br>En 2011, se estren\u00f3 la pel\u00edcula \u00abPoquita Ropa\u00bb que narra 12 historias que se desarrollan en un s\u00f3lo barrio en el que Arjona es el narrador y el personaje central.<\/strong><\/p>\n\n\n\n<p><strong>En el mismo a\u00f1o Ricardo sac\u00f3 primer trabajo discogr\u00e1ficocon su sello propio denominado \u00abMetamorfosis\u00bb. El mismo fue bautizado como \u00abIndependiente\u00bb.<\/strong><\/p>\n\n\n\n<p><strong>El 4 de octubre de 2011 lanz\u00f3 INDEPENDIENTE, su decimotercero \u00e1lbum de estudio y en la misma semana ya era puesto n\u00famero uno en Top Latin Albums, oro en Chile, Estados Unidos y M\u00e9xico, y platino en Venezuela y Argentina.<br>Billboard se\u00f1al\u00f3 que, a pesar de que otras bandas decidieron volverse independiente despu\u00e9s de trabajar con grandes compa\u00f1\u00edas discogr\u00e1ficas, Arjona fue de lejos el artista m\u00e1s importante para hacerlo en el mundo del pop latino.<br>La gira Metamorfosis World Tour se inici\u00f3 el 27 de enero de 2012 en Toluca, M\u00e9xico, como es habitual y recorr\u00edo exitosamente todo America latina y USA. Con el patrocinio de PEPSI se logr\u00f3 realizar un recital multitudinario en Guatemala con entrada libre y gratuita.<br>Es una de las giras m\u00e1s exitosas ya que rompi\u00f3 varios records. Con 160.000 espectadores es el espect\u00e1culo que con la mayor concurrencia en el Estadio Amalfitani (V\u00e9lez, Argentina). La gira fue vista por m\u00e1s de dos millones de personas en m\u00e1s de veite pa\u00edses. La maravillosa escenografia se desarrollaba en 4 escenarios giratorio: un departamento de dos pisos, un bar, un circo y un teatro. La Cantante Gaby Moreno acompa\u00f1\u00f3 a Ricardo en la Gira y posteriormente fue \u00abapadrinada\u00bb por \u00e9l para lanzar su primer disco en espa\u00f1ol bajo el sello discogr\u00e1fico Metamorfosis.&nbsp;<br>En febrero del 2013 se lanz\u00f3 \u00abIndependiente+ Demos\u00bb, un disco de colecci\u00f3n para Fans que refleja el nacimiento de las canciones del exitoso disco, como fueron creadas en su primera fase con otro nombre, bajo momentos diversos, e incluso grabadas en el momento inesperado de su concepci\u00f3n, desde el celular del artista.<br>Finalmente en el 10 de Octubre del 2013 se estren\u00f3 en las principales salas de Cine \u00abMetamorfosis en Vivo, la pel\u00edcula\u00bb, el film revive los principales momentos de la Gira de Independiente. El mismo material fue lanzado en formato f\u00edsico y digital, en una edici\u00f3n especial en Cd y Dvd.&nbsp;<br>Tras el fallecimiento de Do\u00f1a Nohem\u00ed Morales de Arjona, Ricardo inaugur\u00f3 en Ixcanal una escuela rural constru\u00edda intregramente por su fundaci\u00f3n. La escuela, que lleva el nombre de su Madre, tiene capacidad pasa 200 ni\u00f1os, y durante las ma\u00f1anas funcionar\u00e1 como centro de estudios primarios, mientras que por la tarde como centro de formaci\u00f3n en artes y m\u00fasica.<\/strong><\/p>\n\n\n\n<p><strong>El 29 de abril de 2014 sali\u00f3 VIAJE, su decimocuarto \u00e1lbum de estudio, que fue el segundo disco lanzado por su propio sello discogr\u00e1fico Metamorfosis. En ese mismo a\u00f1o pone en marcha uno de sus proyectos denominado MUNDO ARJONA, la red social del cantante a la que sus fan\u00e1ticos pueden ingresar abonando una cuota anual para obtener una membres\u00eda, y de esta forma acceder a entradas preferenciales, eventos, descuentos, concursos, materiales exclusivos, su discograf\u00eda completa, entre otros beneficios. Tambi\u00e9n junto al lanzamiento de esta nueva plataforma Ricardo Arjona emprendi\u00f3 una peque\u00f1a gira de conciertos en teatros de algunos pa\u00edses, que inici\u00f3 el 5 y 6 de mayo en el teatro Lola Membrives en Buenos Aires, Argentina. Continu\u00f3 recorriendo teatros en Santiago de Chile, Miami, Nueva York, Los Angeles, M\u00e9xico D.F, finalizando el 5 de junio en Puerto Rico con una transmisi\u00f3n en vivo para todos los miembros de Mundo Arjona.<\/strong><\/p>\n\n\n\n<p><strong>La gira Viaje World Tour comenz\u00f3 el 31 de julio en su lugar emblem\u00e1tico, Toluca, M\u00e9xico, caracterizada por una puesta en escena espectacular, y continu\u00f3 recorriendo pa\u00edses de toda Am\u00e9rica Latina y USA. Se present\u00f3 en el Festival de Vi\u00f1a del Mar el 23 de febrero, donde recibi\u00f3 las gaviotas de Plata y de Oro tras su presentaci\u00f3n. Finalmente decide concluir con dos presentaciones en el Estadio Amalfitani en Argentina, el 4 y 5 de diciembre del a\u00f1o 2015.<\/strong><\/p>\n\n\n\n<p><strong>En ese mismo a\u00f1o recibi\u00f3 el galard\u00f3n a la Excelencia de los Premios Lo Nuestro por su trayectoria musical de 30 a\u00f1os en la vig\u00e9simo s\u00e9ptima edici\u00f3n de la gala, que se celebr\u00f3 el 19 de febrero en Miami (Florida, Estados Unidos).<\/strong><\/p>\n\n\n\n<p><strong>El 30 de marzo de 2016 materializ\u00f3 otro de sus proyectos al inaugurar su segunda escuela llamada Enrique Castillo Monge, en honor a un empresario guatemalteco cuya empresa financi\u00f3 el proyecto, y beneficiar\u00e1 a 200 ni\u00f1os de la aldea El Porvenir, que se ubica entre Sacatep\u00e9quez y Escuintla. \u00abLa idea empez\u00f3 de una manera muy simple, un guatemalteco que se fue sin nada y era maestro rural\u00bb, dijo Arjona durante el acto de inauguraci\u00f3n, al que asisti\u00f3 el presidente de la naci\u00f3n, Jimmy Morales.<\/strong><\/p>\n\n\n\n<p><strong>El 29 de julio del 2016 lanz\u00f3 al mercado el alb\u00fam recopilatorio \u00bb Apague la Luz y Escuche\u00bb. El \u00e1lbum cuenta con la colaboraci\u00f3n del d\u00fao cubano \u00abBuena Fe\u00bb en el tema \u00abPara bien o para mal\u00bb y con Carlos Varela en la canci\u00f3n \u00abMi novia se me est\u00e1 poniendo vieja\u00bb.<\/strong><\/p>\n\n\n\n<p><strong>Circo Soledad es el nombre del decimoquinto \u00e1lbum de estudio del cantautor guatemalteco Ricardo Arjona. Fue lanzado al mercado el 21 de abril de 2017 y es una producci\u00f3n de Arjona con la colaboraci\u00f3n de Lee Levin y Dan Warner. Este \u00e1lbum fue publicado por Metamorfosis, su propio sello discogr\u00e1fico, y distribuido por Warner. El primer sencillo fue \u00abElla\u00bb, lanzado el 10 de marzo 2017.<\/strong><\/p>\n\n\n\n<p><strong>\u200b En los Estados Unidos debut\u00f3 en el puesto n\u00famero 1 en Latin Pop Songs,<\/strong><strong>\u200b Logr<\/strong><strong>\u00f3 tambi<\/strong><strong>\u00e9n alcanzar el puesto n<\/strong><strong>\u00famero 1 en pa<\/strong><strong>\u00edses de Am<\/strong><strong>\u00e9rica Latina como Venezuela y M<\/strong><strong>\u00e9xico, convirti<\/strong><strong>\u00e9ndose as<\/strong><strong>\u00ed en otro <\/strong><strong>\u00e9xito del cantautor. El segundo sencillo del <\/strong><strong>\u00e1lbum fue <\/strong><strong>\u00abRemiendo al Coraz<\/strong><strong>\u00f3n<\/strong><strong>\u00bb lanzado el 29 de abril, luego que el cantautor crease un concurso para que sus fans eligieran la canci<\/strong><strong>\u00f3n que ser<\/strong><strong>\u00eda el segundo single. Despu<\/strong><strong>\u00e9s de dos semanas de votaciones y con el 54% de los votos, Remiendo al Coraz<\/strong><strong>\u00f3n fue la canci<\/strong><strong>\u00f3n ganadora.<\/strong><strong>\u200bLa gira <\/strong><strong>\u201cCirco Soledad<\/strong><strong>\u201d, comenz<\/strong><strong>\u00f3 a mediados del 2017. Esta serie de conciertos recorrer<\/strong><strong>\u00e1 Latinoam<\/strong><strong>\u00e9rica<\/strong><strong>\u200b, Canad<\/strong><strong>\u00e1 y Estados Unidos; y despu<\/strong><strong>\u00e9s de 8 a<\/strong><strong>\u00f1os regresar<\/strong><strong>\u00e1 a Europa en lugares emblem<\/strong><strong>\u00e1ticos como Londres, Par<\/strong><strong>\u00eds, Madrid y Barcelona.<\/strong><\/p>\n\n\n\n<p><strong>El 30 de agosto de 2019 sale su cuarto Alb\u00f9m en vivo \u00bb&nbsp;<em>Circo Soledad En Vivo\u00bb.&nbsp;<\/em>Es un Cd+ Dvd que refleja la exitosa gira y fue grabado al final en la misma en vivo en la ciudad de Buenos Aires\/Argentina. Contiene dos CD con 10 y 13 canciones respectivamente y un DVD con los 23 temas juntos. El disco titulado Circo Soledad En Vivo, contiene cl\u00e1sicos de siempre como: \u2018Historia de Taxi\u2019, \u2018El Problema\u2019, \u2018Acomp\u00e1\u00f1ame A Estar Solo\u2019, entre otros. Pero adem\u00e1s incluye temas de los \u00faltimos nuevos discos lanzados en 2014 y 2017, como \u2018Apnea\u2019 tema del disco \u2018Viaje\u2019 del a\u00f1o 2014 y \u2018Ella\u2019 perteneciente al \u00e1lbum \u2018Circo Soledad\u2019 del 2017, entre otros. \u00bb .<\/strong><\/p>\n\n\n\n<p><strong>El 31 de Julio del 2020 lleg\u00f3 el Lanzamiento de Blanco, un disco in\u00e9dito grabado en los estudios de Abbey Road. Se desprenden del mismo algunos sencillos como: \u00abHongos\u00bb, \u00abBatichica\u00bb y \u00abMorir por vivir\u00bb entre otros. La canci\u00f3n \u00abElla baila sola\u00bb est\u00e1 dedicada a Veronica Luque, una joven fan\u00e1tica Argentina de Ricardo Arjona que falleci\u00f3 a causa de c\u00e1ncer en 2019.<br>Posteriormente sali\u00f3 a la luz \u201cCovers, Demos y Otras Travesuras de Blanco\u201d en el cual participaron grandes cantantes como Pablo Albor\u00e1n, Joss Stone, Niuver Navarro, Marc Cohn, Gaby Moreno, Manuel Mijares y Kany Garc\u00eda.<\/strong><\/p>\n\n\n\n<p><strong>En Abril del 2021 nos sorprendi\u00f3 con un show streaming desde Guatemala. \u201cHecho a la Antigua\u201d se ha convertido en un antes y despu\u00e9s en la historia de los conciertos realizados en esta modalidad, convirti\u00e9ndose en el livestreaming m\u00e1s visto en la historia de Iberoam\u00e9rica. Con m\u00e1s de 30 m\u00fasicos, y 25 canciones, a la luz de la velas desde Antigua Guatemala, meses despu\u00e9s se convirti\u00f3 en un concierto para plataformas digitales.<\/strong><\/p>\n\n\n\n<p><strong>El 3 de Diciembre del 2021 lleg\u00f3 \u201cNegro\u201d para completar la colecci\u00f3n. &nbsp;Tambi\u00e9n se lanz\u00f3 una edici\u00f3n Deluxe con libro incluido. El mismo, de edici\u00f3n limitada, incluye fotograf\u00edas in\u00e9ditas del cantautor e historias, adem\u00e1s de contener los dos Cds.<\/strong><\/p>\n\n\n\n<p><strong>Finalizada la Gira Ricardo Anunci\u00f3 que se ausentar\u00eda por un tiempo de la m\u00fasica dado que tendr\u00eda que ser intervenido quir\u00fargicamente de la columna.<br>Tras varios meses de recuperaci\u00f3n y mucho hermetismo, nos sorprendi\u00f3 en redes anunciando que volver\u00eda con \u201cSECO\u201d. Durante las doce canciones de esta nueva producci\u00f3n, Arjona se mueve entre sonidos que siempre lo han caracterizado y nuevas incursiones sonoras, como en \u2018Despacio Que Hay Prisa\u2019, uno de los sencillos del disco, en donde el reggae se hace presente.<\/strong><\/p>\n","protected":false},"excerpt":{"rendered":"<p>BIOGRAFIA Edgar Ricardo Arjona Morales naci\u00f3 el 19 de enero de 1964 en la ciudad de Antigua, Guatemala,<\/p>\n","protected":false},"author":1,"featured_media":0,"parent":0,"menu_order":0,"comment_status":"closed","ping_status":"closed","template":"","meta":{"footnotes":""},"class_list":["post-80","page","type-page","status-publish","hentry"],"_links":{"self":[{"href":"http:\/\/www.notiarjona.com.ar\/seco\/wp-json\/wp\/v2\/pages\/80","targetHints":{"allow":["GET"]}}],"collection":[{"href":"http:\/\/www.notiarjona.com.ar\/seco\/wp-json\/wp\/v2\/pages"}],"about":[{"href":"http:\/\/www.notiarjona.com.ar\/seco\/wp-json\/wp\/v2\/types\/page"}],"author":[{"embeddable":true,"href":"http:\/\/www.notiarjona.com.ar\/seco\/wp-json\/wp\/v2\/users\/1"}],"replies":[{"embeddable":true,"href":"http:\/\/www.notiarjona.com.ar\/seco\/wp-json\/wp\/v2\/comments?post=80"}],"version-history":[{"count":2,"href":"http:\/\/www.notiarjona.com.ar\/seco\/wp-json\/wp\/v2\/pages\/80\/revisions"}],"predecessor-version":[{"id":85,"href":"http:\/\/www.notiarjona.com.ar\/seco\/wp-json\/wp\/v2\/pages\/80\/revisions\/85"}],"wp:attachment":[{"href":"http:\/\/www.notiarjona.com.ar\/seco\/wp-json\/wp\/v2\/media?parent=80"}],"curies":[{"name":"wp","href":"https:\/\/api.w.org\/{rel}","templated":true}]}}